{"id":3792,"date":"2018-11-24T10:13:25","date_gmt":"2018-11-24T10:13:25","guid":{"rendered":"https:\/\/demo.gloriathemes.com\/eventchamp\/demo\/?page_id=428"},"modified":"2018-11-24T10:13:25","modified_gmt":"2018-11-24T10:13:25","slug":"blog","status":"publish","type":"page","link":"https:\/\/www.coastrock-festival.de\/en\/blog\/","title":{"rendered":"Blog 1"},"content":{"rendered":"<div class=\"wpb-content-wrapper\"><div class=\"vc_row wpb_row vc_row-fluid gt-background-position-initial gt-background-attachment-initial gt-overflow-hidden gt-text-default\"><div class=\"wpb_column vc_column_container vc_col-sm-12\"><div class=\"vc_column-inner\"><div class=\"wpb_wrapper\"><div class=\"gt-blog gt-style1\"><div class=\"gt-columns gt-column-1 gt-column-space-60\"><div class=\"gt-col\"><div class=\"gt-inner\"><div class=\"gt-post-style-1\"><div class=\"gt-image\"><a href=\"https:\/\/www.coastrock-festival.de\/en\/blog\/2026\/03\/27\/ahoi-sarcator-sind-an-bord\/\"><img loading=\"lazy\" decoding=\"async\" width=\"870\" height=\"550\" src=\"https:\/\/www.coastrock-festival.de\/wp-content\/uploads\/2026\/03\/2025_pic-Sarcator_Logo2-870x550.webp\" class=\"attachment-eventchamp-big-post size-eventchamp-big-post wp-post-image\" alt=\"\" srcset=\"https:\/\/www.coastrock-festival.de\/wp-content\/uploads\/2026\/03\/2025_pic-Sarcator_Logo2-870x550.webp 870w, https:\/\/www.coastrock-festival.de\/wp-content\/uploads\/2026\/03\/2025_pic-Sarcator_Logo2-18x12.webp 18w\" sizes=\"auto, (max-width: 870px) 100vw, 870px\" \/><\/a><div class=\"gt-category\"><ul class=\"post-categories\">\n\t<li><a href=\"https:\/\/www.coastrock-festival.de\/en\/blog\/category\/festival-2026\/\" rel=\"category tag\">Festival 2026<\/a><\/li><\/ul><\/div><\/div><div class=\"gt-title\"><a href=\"https:\/\/www.coastrock-festival.de\/en\/blog\/2026\/03\/27\/ahoi-sarcator-sind-an-bord\/\">Ahoy, Sarcator is on board<\/a><\/div><div class=\"gt-bottom\"><ul><li class=\"gt-author\"><svg xmlns=\"https:\/\/www.w3.org\/2000\/svg\" width=\"18\" height=\"18\" viewbox=\"0 0 24 24\" fill=\"none\" stroke=\"currentColor\" stroke-width=\"2\" stroke-linecap=\"round\" stroke-linejoin=\"round\"><path d=\"M20 21v-2a4 4 0 0 0-4-4H8a4 4 0 0 0-4 4v2\"><\/path><circle cx=\"12\" cy=\"7\" r=\"4\"><\/circle><\/svg><a href=\"https:\/\/www.coastrock-festival.de\/en\/blog\/author\/coastrock-admin\/\">coastrock-admin<\/a><\/li><li class=\"gt-date\"><svg xmlns=\"https:\/\/www.w3.org\/2000\/svg\" viewbox=\"0 0 24 24\" fill=\"none\" stroke=\"currentColor\" stroke-width=\"2\" stroke-linecap=\"round\" stroke-linejoin=\"round\"><rect x=\"3\" y=\"4\" width=\"18\" height=\"18\" rx=\"2\" ry=\"2\"><\/rect><line x1=\"16\" y1=\"2\" x2=\"16\" y2=\"6\"><\/line><line x1=\"8\" y1=\"2\" x2=\"8\" y2=\"6\"><\/line><line x1=\"3\" y1=\"10\" x2=\"21\" y2=\"10\"><\/line><\/svg>27. March 2026<\/li><li class=\"gt-reading-time\"><svg xmlns=\"https:\/\/www.w3.org\/2000\/svg\" width=\"18\" height=\"18\" viewbox=\"0 0 24 24\" fill=\"none\" stroke=\"currentColor\" stroke-width=\"2\" stroke-linecap=\"round\" stroke-linejoin=\"round\"><circle cx=\"12\" cy=\"12\" r=\"10\"><\/circle><polyline points=\"12 6 12 12 16 14\"><\/polyline><\/svg>2 Min Read<\/li><\/ul><\/div><\/div><\/div><\/div><div class=\"gt-col\"><div class=\"gt-inner\"><div class=\"gt-post-style-1\"><div class=\"gt-image\"><a href=\"https:\/\/www.coastrock-festival.de\/en\/blog\/2026\/03\/18\/ahoi-ondfodt-sind-an-bord\/\"><img loading=\"lazy\" decoding=\"async\" width=\"870\" height=\"550\" src=\"https:\/\/www.coastrock-festival.de\/wp-content\/uploads\/2026\/03\/2025_pic-Ondfodt_Logo2-870x550.webp\" class=\"attachment-eventchamp-big-post size-eventchamp-big-post wp-post-image\" alt=\"\" srcset=\"https:\/\/www.coastrock-festival.de\/wp-content\/uploads\/2026\/03\/2025_pic-Ondfodt_Logo2-870x550.webp 870w, https:\/\/www.coastrock-festival.de\/wp-content\/uploads\/2026\/03\/2025_pic-Ondfodt_Logo2-18x12.webp 18w\" sizes=\"auto, (max-width: 870px) 100vw, 870px\" \/><\/a><div class=\"gt-category\"><ul class=\"post-categories\">\n\t<li><a href=\"https:\/\/www.coastrock-festival.de\/en\/blog\/category\/festival-2026\/\" rel=\"category tag\">Festival 2026<\/a><\/li><\/ul><\/div><\/div><div class=\"gt-title\"><a href=\"https:\/\/www.coastrock-festival.de\/en\/blog\/2026\/03\/18\/ahoi-ondfodt-sind-an-bord\/\">Ahoi, Ondfodt sind an Bord<\/a><\/div><div class=\"gt-bottom\"><ul><li class=\"gt-author\"><svg xmlns=\"https:\/\/www.w3.org\/2000\/svg\" width=\"18\" height=\"18\" viewbox=\"0 0 24 24\" fill=\"none\" stroke=\"currentColor\" stroke-width=\"2\" stroke-linecap=\"round\" stroke-linejoin=\"round\"><path d=\"M20 21v-2a4 4 0 0 0-4-4H8a4 4 0 0 0-4 4v2\"><\/path><circle cx=\"12\" cy=\"7\" r=\"4\"><\/circle><\/svg><a href=\"https:\/\/www.coastrock-festival.de\/en\/blog\/author\/coastrock-admin\/\">coastrock-admin<\/a><\/li><li class=\"gt-date\"><svg xmlns=\"https:\/\/www.w3.org\/2000\/svg\" viewbox=\"0 0 24 24\" fill=\"none\" stroke=\"currentColor\" stroke-width=\"2\" stroke-linecap=\"round\" stroke-linejoin=\"round\"><rect x=\"3\" y=\"4\" width=\"18\" height=\"18\" rx=\"2\" ry=\"2\"><\/rect><line x1=\"16\" y1=\"2\" x2=\"16\" y2=\"6\"><\/line><line x1=\"8\" y1=\"2\" x2=\"8\" y2=\"6\"><\/line><line x1=\"3\" y1=\"10\" x2=\"21\" y2=\"10\"><\/line><\/svg>18. March 2026<\/li><li class=\"gt-reading-time\"><svg xmlns=\"https:\/\/www.w3.org\/2000\/svg\" width=\"18\" height=\"18\" viewbox=\"0 0 24 24\" fill=\"none\" stroke=\"currentColor\" stroke-width=\"2\" stroke-linecap=\"round\" stroke-linejoin=\"round\"><circle cx=\"12\" cy=\"12\" r=\"10\"><\/circle><polyline points=\"12 6 12 12 16 14\"><\/polyline><\/svg>2 Min Read<\/li><\/ul><\/div><\/div><\/div><\/div><div class=\"gt-col\"><div class=\"gt-inner\"><div class=\"gt-post-style-1\"><div class=\"gt-image\"><a href=\"https:\/\/www.coastrock-festival.de\/en\/blog\/2026\/03\/16\/ahoi-necrofier-sind-an-bord\/\"><img loading=\"lazy\" decoding=\"async\" width=\"800\" height=\"550\" src=\"https:\/\/www.coastrock-festival.de\/wp-content\/uploads\/2026\/03\/Necrofier-Beitrag-800x550.webp\" class=\"attachment-eventchamp-big-post size-eventchamp-big-post wp-post-image\" alt=\"\" srcset=\"https:\/\/www.coastrock-festival.de\/wp-content\/uploads\/2026\/03\/Necrofier-Beitrag-800x550.webp 800w, https:\/\/www.coastrock-festival.de\/wp-content\/uploads\/2026\/03\/Necrofier-Beitrag-420x290.webp 420w\" sizes=\"auto, (max-width: 800px) 100vw, 800px\" \/><\/a><div class=\"gt-category\"><ul class=\"post-categories\">\n\t<li><a href=\"https:\/\/www.coastrock-festival.de\/en\/blog\/category\/festival-2026\/\" rel=\"category tag\">Festival 2026<\/a><\/li><\/ul><\/div><\/div><div class=\"gt-title\"><a href=\"https:\/\/www.coastrock-festival.de\/en\/blog\/2026\/03\/16\/ahoi-necrofier-sind-an-bord\/\">Ahoi, Necrofier are on bord<\/a><\/div><div class=\"gt-bottom\"><ul><li class=\"gt-author\"><svg xmlns=\"https:\/\/www.w3.org\/2000\/svg\" width=\"18\" height=\"18\" viewbox=\"0 0 24 24\" fill=\"none\" stroke=\"currentColor\" stroke-width=\"2\" stroke-linecap=\"round\" stroke-linejoin=\"round\"><path d=\"M20 21v-2a4 4 0 0 0-4-4H8a4 4 0 0 0-4 4v2\"><\/path><circle cx=\"12\" cy=\"7\" r=\"4\"><\/circle><\/svg><a href=\"https:\/\/www.coastrock-festival.de\/en\/blog\/author\/coastrock-admin\/\">coastrock-admin<\/a><\/li><li class=\"gt-date\"><svg xmlns=\"https:\/\/www.w3.org\/2000\/svg\" viewbox=\"0 0 24 24\" fill=\"none\" stroke=\"currentColor\" stroke-width=\"2\" stroke-linecap=\"round\" stroke-linejoin=\"round\"><rect x=\"3\" y=\"4\" width=\"18\" height=\"18\" rx=\"2\" ry=\"2\"><\/rect><line x1=\"16\" y1=\"2\" x2=\"16\" y2=\"6\"><\/line><line x1=\"8\" y1=\"2\" x2=\"8\" y2=\"6\"><\/line><line x1=\"3\" y1=\"10\" x2=\"21\" y2=\"10\"><\/line><\/svg>16. March 2026<\/li><li class=\"gt-reading-time\"><svg xmlns=\"https:\/\/www.w3.org\/2000\/svg\" width=\"18\" height=\"18\" viewbox=\"0 0 24 24\" fill=\"none\" stroke=\"currentColor\" stroke-width=\"2\" stroke-linecap=\"round\" stroke-linejoin=\"round\"><circle cx=\"12\" cy=\"12\" r=\"10\"><\/circle><polyline points=\"12 6 12 12 16 14\"><\/polyline><\/svg>1 Min Read<\/li><\/ul><\/div><\/div><\/div><\/div><div class=\"gt-col\"><div class=\"gt-inner\"><div class=\"gt-post-style-1\"><div class=\"gt-image\"><a href=\"https:\/\/www.coastrock-festival.de\/en\/blog\/2026\/03\/04\/ahoi-embedded-sind-an-bord\/\"><img loading=\"lazy\" decoding=\"async\" width=\"870\" height=\"550\" src=\"https:\/\/www.coastrock-festival.de\/wp-content\/uploads\/2026\/03\/EmbeddedBand_Logo-gold-870x550.webp\" class=\"attachment-eventchamp-big-post size-eventchamp-big-post wp-post-image\" alt=\"\" srcset=\"https:\/\/www.coastrock-festival.de\/wp-content\/uploads\/2026\/03\/EmbeddedBand_Logo-gold-870x550.webp 870w, https:\/\/www.coastrock-festival.de\/wp-content\/uploads\/2026\/03\/EmbeddedBand_Logo-gold-18x12.webp 18w\" sizes=\"auto, (max-width: 870px) 100vw, 870px\" \/><\/a><div class=\"gt-category\"><ul class=\"post-categories\">\n\t<li><a href=\"https:\/\/www.coastrock-festival.de\/en\/blog\/category\/festival-2026\/\" rel=\"category tag\">Festival 2026<\/a><\/li><\/ul><\/div><\/div><div class=\"gt-title\"><a href=\"https:\/\/www.coastrock-festival.de\/en\/blog\/2026\/03\/04\/ahoi-embedded-sind-an-bord\/\">Ahoy, Embedded are on board<\/a><\/div><div class=\"gt-bottom\"><ul><li class=\"gt-author\"><svg xmlns=\"https:\/\/www.w3.org\/2000\/svg\" width=\"18\" height=\"18\" viewbox=\"0 0 24 24\" fill=\"none\" stroke=\"currentColor\" stroke-width=\"2\" stroke-linecap=\"round\" stroke-linejoin=\"round\"><path d=\"M20 21v-2a4 4 0 0 0-4-4H8a4 4 0 0 0-4 4v2\"><\/path><circle cx=\"12\" cy=\"7\" r=\"4\"><\/circle><\/svg><a href=\"https:\/\/www.coastrock-festival.de\/en\/blog\/author\/coastrock-admin\/\">coastrock-admin<\/a><\/li><li class=\"gt-date\"><svg xmlns=\"https:\/\/www.w3.org\/2000\/svg\" viewbox=\"0 0 24 24\" fill=\"none\" stroke=\"currentColor\" stroke-width=\"2\" stroke-linecap=\"round\" stroke-linejoin=\"round\"><rect x=\"3\" y=\"4\" width=\"18\" height=\"18\" rx=\"2\" ry=\"2\"><\/rect><line x1=\"16\" y1=\"2\" x2=\"16\" y2=\"6\"><\/line><line x1=\"8\" y1=\"2\" x2=\"8\" y2=\"6\"><\/line><line x1=\"3\" y1=\"10\" x2=\"21\" y2=\"10\"><\/line><\/svg>4. March 2026<\/li><li class=\"gt-reading-time\"><svg xmlns=\"https:\/\/www.w3.org\/2000\/svg\" width=\"18\" height=\"18\" viewbox=\"0 0 24 24\" fill=\"none\" stroke=\"currentColor\" stroke-width=\"2\" stroke-linecap=\"round\" stroke-linejoin=\"round\"><circle cx=\"12\" cy=\"12\" r=\"10\"><\/circle><polyline points=\"12 6 12 12 16 14\"><\/polyline><\/svg>1 Min Read<\/li><\/ul><\/div><\/div><\/div><\/div><div class=\"gt-col\"><div class=\"gt-inner\"><div class=\"gt-post-style-1\"><div class=\"gt-image\"><a href=\"https:\/\/www.coastrock-festival.de\/en\/blog\/2026\/02\/25\/ahoi-dawn-rider-sind-an-bord\/\"><img loading=\"lazy\" decoding=\"async\" width=\"870\" height=\"550\" src=\"https:\/\/www.coastrock-festival.de\/wp-content\/uploads\/2026\/02\/DawnRiderBand_Logo-gold-870x550.webp\" class=\"attachment-eventchamp-big-post size-eventchamp-big-post wp-post-image\" alt=\"\" srcset=\"https:\/\/www.coastrock-festival.de\/wp-content\/uploads\/2026\/02\/DawnRiderBand_Logo-gold-870x550.webp 870w, https:\/\/www.coastrock-festival.de\/wp-content\/uploads\/2026\/02\/DawnRiderBand_Logo-gold-18x12.webp 18w\" sizes=\"auto, (max-width: 870px) 100vw, 870px\" \/><\/a><div class=\"gt-category\"><ul class=\"post-categories\">\n\t<li><a href=\"https:\/\/www.coastrock-festival.de\/en\/blog\/category\/festival-2026\/\" rel=\"category tag\">Festival 2026<\/a><\/li><\/ul><\/div><\/div><div class=\"gt-title\"><a href=\"https:\/\/www.coastrock-festival.de\/en\/blog\/2026\/02\/25\/ahoi-dawn-rider-sind-an-bord\/\">Ahoy, ONDF\u00d8DT are on board<\/a><\/div><div class=\"gt-bottom\"><ul><li class=\"gt-author\"><svg xmlns=\"https:\/\/www.w3.org\/2000\/svg\" width=\"18\" height=\"18\" viewbox=\"0 0 24 24\" fill=\"none\" stroke=\"currentColor\" stroke-width=\"2\" stroke-linecap=\"round\" stroke-linejoin=\"round\"><path d=\"M20 21v-2a4 4 0 0 0-4-4H8a4 4 0 0 0-4 4v2\"><\/path><circle cx=\"12\" cy=\"7\" r=\"4\"><\/circle><\/svg><a href=\"https:\/\/www.coastrock-festival.de\/en\/blog\/author\/coastrock-admin\/\">coastrock-admin<\/a><\/li><li class=\"gt-date\"><svg xmlns=\"https:\/\/www.w3.org\/2000\/svg\" viewbox=\"0 0 24 24\" fill=\"none\" stroke=\"currentColor\" stroke-width=\"2\" stroke-linecap=\"round\" stroke-linejoin=\"round\"><rect x=\"3\" y=\"4\" width=\"18\" height=\"18\" rx=\"2\" ry=\"2\"><\/rect><line x1=\"16\" y1=\"2\" x2=\"16\" y2=\"6\"><\/line><line x1=\"8\" y1=\"2\" x2=\"8\" y2=\"6\"><\/line><line x1=\"3\" y1=\"10\" x2=\"21\" y2=\"10\"><\/line><\/svg>25. February 2026<\/li><li class=\"gt-reading-time\"><svg xmlns=\"https:\/\/www.w3.org\/2000\/svg\" width=\"18\" height=\"18\" viewbox=\"0 0 24 24\" fill=\"none\" stroke=\"currentColor\" stroke-width=\"2\" stroke-linecap=\"round\" stroke-linejoin=\"round\"><circle cx=\"12\" cy=\"12\" r=\"10\"><\/circle><polyline points=\"12 6 12 12 16 14\"><\/polyline><\/svg>2 Min Read<\/li><\/ul><\/div><\/div><\/div><\/div><\/div><nav class=\"gt-pagination\"><ul><li><a href=\"https:\/\/www.coastrock-festival.de\/en\/wp-json\/wp\/v2\/pages\/3792\/page\/2\/\" >Next<\/a><\/li><\/ul><\/nav><\/div><\/div><\/div><\/div><\/div>\n<\/div>","protected":false},"excerpt":{"rendered":"DAWN RIDER bei Pauls Coastrock Festival 2026. Ein Ei K\u00e4pt'n und 666 Buddeln voll Rum! Traditioneller Heavy Metal ist ins der Region Ostfriesland heute leider nicht mehr so h\u00e4ufig anzutreffen, was den K\u00e4pt'n und seine Crew traurig macht. Um so...","protected":false},"author":1,"featured_media":0,"parent":0,"menu_order":0,"comment_status":"closed","ping_status":"closed","template":"","meta":{"_monsterinsights_skip_tracking":false,"_monsterinsights_sitenote_active":false,"_monsterinsights_sitenote_note":"","_monsterinsights_sitenote_category":0,"footnotes":""},"class_list":["post-3792","page","type-page","status-publish","hentry"],"jetpack_sharing_enabled":true,"_links":{"self":[{"href":"https:\/\/www.coastrock-festival.de\/en\/wp-json\/wp\/v2\/pages\/3792","targetHints":{"allow":["GET"]}}],"collection":[{"href":"https:\/\/www.coastrock-festival.de\/en\/wp-json\/wp\/v2\/pages"}],"about":[{"href":"https:\/\/www.coastrock-festival.de\/en\/wp-json\/wp\/v2\/types\/page"}],"author":[{"embeddable":true,"href":"https:\/\/www.coastrock-festival.de\/en\/wp-json\/wp\/v2\/users\/1"}],"replies":[{"embeddable":true,"href":"https:\/\/www.coastrock-festival.de\/en\/wp-json\/wp\/v2\/comments?post=3792"}],"version-history":[{"count":0,"href":"https:\/\/www.coastrock-festival.de\/en\/wp-json\/wp\/v2\/pages\/3792\/revisions"}],"wp:attachment":[{"href":"https:\/\/www.coastrock-festival.de\/en\/wp-json\/wp\/v2\/media?parent=3792"}],"curies":[{"name":"wp","href":"https:\/\/api.w.org\/{rel}","templated":true}]}}