{"id":4032,"date":"2024-04-24T10:09:05","date_gmt":"2024-04-24T08:09:05","guid":{"rendered":"https:\/\/www.coastrock-festival.de\/agb\/"},"modified":"2024-04-30T10:44:30","modified_gmt":"2024-04-30T08:44:30","slug":"agb","status":"publish","type":"page","link":"https:\/\/www.coastrock-festival.de\/en\/agb\/","title":{"rendered":"GTC"},"content":{"rendered":"<h1 class=\"wp-block-heading\">Pr\u00e4ambel<\/h1>\n<p>Die Fokken &amp; M\u00fcller GmbH &amp; Co. Musikvertriebs KG \u2013 nachfolgend\u00a0<strong>LMC Betreiber<\/strong>\u00a0genannt \u2013<\/p>\n<p>verkauft Eintrittskarten f\u00fcr das Live Music Center Emden. Die LMC Betreiber haben f\u00fcr das Live Music Center Emden die Betriebsf\u00fchrung \u00fcbernommen. Dazu geh\u00f6ren die Vermietung des Live Music Center an Veranstalter und die Unterst\u00fctzung bei der Vermarktung der Veranstaltungen. Die Fokken &amp; M\u00fcller GmbH &amp; Co. Musikvertriebs KG ist Eigent\u00fcmerin des Live Music Center Emden. Alle Beteiligten wollen das kulturelle und gesellschaftliche Leben in der Region mit der Veranstaltungshalle bereichern. Die Besucher sollen im Live Music Center Emden eindrucksvolle Veranstaltungen erleben.<\/p>\n<p><strong>1. Geltungsbereich<\/strong><br \/>\nF\u00fcr alle durch die LMC Betreiber abgeschlossenen Rechtsgesch\u00e4fte gelten ausschlie\u00dflich die hier vorliegenden Allgemeinen Gesch\u00e4ftsbedingungen, soweit nicht ausdr\u00fccklich etwas anderes schriftlich vereinbart wurde.<\/p>\n<p><strong>2. Vertragsabschluss<\/strong><br \/>\nDie LMC Betreiber verkaufen die Tickets nur als Vorverkaufsstelle f\u00fcr den jeweiligen Veranstalter, d.h., vertragliche Beziehungen kommen ausschlie\u00dflich zwischen dem Inhaber des Tickets (Kunde) und dem jeweiligen Veranstalter zustande, es sei denn, die LMC Betreiber sind im Einzelfall selbst Veranstalter. Im \u00dcbrigen gelten die Allgemeinen Gesch\u00e4ftsbedingungen des jeweiligen Veranstaltungsorts und\/oder Veranstalters. Der Kunde kann die Tickets nur im eigenen Namen und auf eigene Rechnung erwerben. Soweit der Kunde Wiederverk\u00e4ufer ist und die Tickets weiter ver\u00e4u\u00dfert, handelt dieser nicht als Vertreter der LMC Betreiber.<\/p>\n<p><strong>3. Versand und Reservierung<\/strong><br \/>\nDie Tickets werden dem Kunden nach fristgerechter Zahlung \u00fcbersandt. Das Versenden der Tickets erfolgt auf Risiko des Bestellers. Die LMC Betreiber behalten sich vor, die Auswahl des Transportunternehmens f\u00fcr die Tickets selbst zu w\u00e4hlen. Die LMC Betreiber sind weder bei Verlust auf dem Transportweg noch, wenn der Kunde seine Tickets verliert, zur Ersatzbeschaffung verpflichtet. Bei allen Schadensersatzanspr\u00fcchen haften die LMC Betreiber nur bei vors\u00e4tzlichem oder grob fahrl\u00e4ssigem Verhalten.<\/p>\n<p><strong>4. Zahlungen<\/strong><br \/>\nSoweit mit dem Kunden nichts anderes vereinbart wurde, erfolgt die Zahlung durch EC-Karte, Barzahlung oder \u00dcberweisung. Die Tickets bleiben bis zur vollst\u00e4ndigen Bezahlung durch den Kunden im Eigentum der LMC Betreiber bzw. des Veranstalters. Der R\u00fccktritt vom Vertrag ist nur bis zum Ablauf der vereinbarten Zahlungsfrist zul\u00e4ssig. Soweit die Bezahlung der Tickets nicht innerhalb der vereinbarten Zahlungsfrist erfolgt, werden diese dem freien Verkauf wieder zugef\u00fchrt.<\/p>\n<p><strong>5. Umtausch, R\u00fcckgabe und Widerruf<\/strong><br \/>\nSoweit die LMC Betreiber im Namen der Veranstalter bzw. im eigenen Namen Dienstleistungen aus dem Bereich der Freizeitveranstaltungen anbieten, insbesondere Eintrittskarten f\u00fcr Veranstaltungen, liegt kein Fernabsatzvertrag gem\u00e4\u00df \u00a7 312b BGB vor. Dies bedeutet, dass ein zweiw\u00f6chiges Widerrufs- und R\u00fcckgaberecht ausgeschlossen ist. Jede Bestellung von Eintrittskarten ist damit unmittelbar nach Best\u00e4tigung durch die LMC Betreiber bindend und verpflichtet zur Abnahme und Bezahlung der bestellten Karten. Auch ein Umtausch ist ausgeschlossen.<\/p>\n<p><strong>6. Falschlieferungen<\/strong><br \/>\nUnmittelbar nach Erhalt sind die gelieferten Tickets vom Kunden auf \u00dcbereinstimmung mit dem Auftrag zu pr\u00fcfen. Bei offensichtlichen Falschlieferungen, insbesondere fehlerhaft ausgestellten Tickets (falsche Platzkategorie, falsche Veranstaltung) erfolgt eine kostenlose Ersatzlieferung gegen R\u00fcckgabe der bereits gelieferten Tickets. Der Fehler ist unverz\u00fcglich nach Erhalt der Sendung schriftlich bei musicgo Artist, Ernst-Barlch-Stra\u00dfe 14, 27711 Osterholz-Scharmbeck oder per E-Mail an info@musicgo-artist.de anzuzeigen.<\/p>\n<p><strong>7. Werthaftung, Schadenersatz<\/strong><br \/>\nEine Haftung der LMC Betreiber kommt nur nach den Grunds\u00e4tzen einer Eigenhaftung des Vertreters in Betracht. Anspr\u00fcche, die im unmittelbaren Zusammenhang mit der Veranstaltung stehen, k\u00f6nnen nur gegen\u00fcber dem Veranstalter geltend gemacht werden. Die Geltendmachung von Schadenersatzanspr\u00fcchen des Kunden gegen die LMC Betreiber oder den Veranstalter aus positiver Forderungsverletzung, Verschulden bei Vertragsabschluss oder etwaiger in diesen Ereignissen liegender unerlaubter Handlung, sind ausgeschlossen, soweit sie nicht auf Vorsatz oder grober Fahrl\u00e4ssigkeit beruhen.<\/p>\n<p><strong>8. Internet Verkauf<\/strong><br \/>\nF\u00fcr die Richtigkeit der in den Internetauftritten der LMC Betreiber enthaltenen Veranstaltungsdaten wird keine Gew\u00e4hr \u00fcbernommen. Die LMC Betreiber bieten ihren Kunden die M\u00f6glichkeit, auch \u00fcber das Internet Tickets nach Ma\u00dfgabe dieser allgemeinen Gesch\u00e4ftsbedingungen zu erwerben. Auch dabei kommt eine vertragliche Beziehung ausschlie\u00dflich zwischen dem Kunden und dem jeweiligen Veranstalter zustande. Das Angebot f\u00fcr einen Vertragsabschluss geht vom Kunden aus, sobald dieser eine Ticketreservierung ausl\u00f6st. Im Anschluss best\u00e4tigen die LMC Betreiber den Eingang des Vertragsangebotes des Kunden und pr\u00fcft, ob die bestellte Anzahl von Tickets in der ausgew\u00e4hlten Preiskategorie vorhanden ist. Sollte dies nicht der Fall sein, wird der Kunde verst\u00e4ndigt. Die Zahlung erfolgt per Vorkasse und PayPal.<\/p>\n<p>Beim Erwerb von Tickets \u00fcber externe Online Ticket Portale gelten die jeweiligen AGBs der Anbieter.<\/p>\n<p><strong>9. Zus\u00e4tzliche Bestimmungen f\u00fcr Veranstaltungen im Live Music Center Emden<\/strong><br \/>\nF\u00fcr Veranstaltungen im Live Music Center gelten die Allgemeinen Gesch\u00e4ftsbedingungen der jeweiligen Veranstalter. Insbesondere gelten folgende Regelungen:<\/p>\n<ol>\n<li>Bei Konzerten und sonstigen Veranstaltungen kann aufgrund der Lautst\u00e4rke die Gefahr von m\u00f6glichen H\u00f6r- und Gesundheitssch\u00e4den bestehen, f\u00fcr die der Veranstalter keinerlei Haftung \u00fcbernimmt.<\/li>\n<li>Die Haftung f\u00fcr Sach- und K\u00f6rpersch\u00e4den ist ausgeschlossen.<\/li>\n<li>Das Mitbringen von Flaschen, Glasbeh\u00e4ltern, Dosen, pyrotechnischen Gegenst\u00e4nden, wie z. B. Wunderkerzen, Fackeln sowie Waffen ist generell untersagt. Bei Nichteinhaltung erfolgt ein Verweis aus der Halle.<\/li>\n<li>Das Mitbringen von Tonbandger\u00e4ten, Film- oder Videokameras ist grunds\u00e4tzlich nicht gestattet. Ton-, Film- und Videoaufnahmen \u2013 auch f\u00fcr den privaten Gebrauch \u2013 sind grunds\u00e4tzlich untersagt.<\/li>\n<li>Bei einer Verlegung des Veranstaltungstermins oder einem Abbruch w\u00e4hrend der Veranstaltung hat der Kartenk\u00e4ufer keinen R\u00fcckerstattungsanspruch auf den Kaufpreis. Eine Zur\u00fccknahme der Eintrittskarten erfolgt ausschlie\u00dflich bei genereller Absage der Veranstaltung bis 2 Wochen nach dem Veranstaltungstermin bei der Kartenvorverkaufsstelle, bei der die Eintrittskarten erworben wurden. Die Vorverkaufsgeb\u00fchr wird in keinem Fall ersetzt.<\/li>\n<li>Bei Verlassen der Halle verliert die Eintrittskarte ihre G\u00fcltigkeit.<\/li>\n<li>Vertragliche Beziehungen kommen durch den Erwerb der Eintrittskarte ausschlie\u00dflich zwischen dem Erwerber und Inhaber der Eintrittskarte und dem Veranstalter zustande.<\/li>\n<\/ol>\n<p><strong><br \/>\n10. Datenschutz und Datenverarbeitung<\/strong><br \/>\nDie personenbezogenen Daten der Kunden werden unter Einhaltung des Datenschutzrechtes in dem f\u00fcr die Durchf\u00fchrung des Vertrages erforderlichen Umfang im automatisierten Verfahren erhoben, bearbeitet und genutzt. Die LMC Betreiber sind berechtigt, die Daten an nat\u00fcrliche oder juristische Personen weiterzugeben, die die LMC Betreiber mit dem Ticketvertrieb beauftragt haben, insbesondere an den jeweiligen Veranstalter. Solange der Kunde nicht widerspricht, sind die LMC Betreiber dar\u00fcber hinaus berechtigt, die erhaltenen Daten zur Beratung des Kunden, zur Werbung, Marktforschung f\u00fcr eigene Zwecke und zur bedarfsgerechten Gestaltung unsere Angebote zu erheben, zu verarbeiten und zu nutzen. Diese Einwilligung kann jederzeit ohne Angabe von Gr\u00fcnden widerrufen werden.<\/p>\n<p><strong>11. Schlussklauseln<\/strong><br \/>\nSollten einzelne Punkte aus dieser Bedingung unwirksam sein oder werden, wird hierdurch die G\u00fcltigkeit des Vertrages im \u00dcbrigen nicht ber\u00fchrt. Es gilt ausschlie\u00dflich das Recht der Bundesrepublik Deutschland. Alleiniger Erf\u00fcllungsort f\u00fcr Lieferung, Leistung und Zahlung ist Emden.<\/p>\n<p>Sind beide Vertragsparteien Kaufleute, so ist ausschlie\u00dflicher Gerichtsstand f\u00fcr die sich aus dem Vertragsverh\u00e4ltnis unmittelbar oder mittelbar ergebenden Streitigkeiten Emden.<\/p>\n<p>Stand: 2023<br \/>\nFokken &amp; M\u00fcller GmbH &amp; Co. Musikvertrieb KG<br \/>\nAm Eisenbahndock 9 \u2013 13<br \/>\n26725 Emden<\/p>","protected":false},"excerpt":{"rendered":"<p>Pr\u00e4ambel Die Fokken &amp; M\u00fcller GmbH &amp; Co. Musikvertriebs KG \u2013 nachfolgend\u00a0LMC Betreiber\u00a0genannt \u2013 verkauft Eintrittskarten f\u00fcr das Live Music Center Emden. Die LMC Betreiber haben f\u00fcr das Live Music Center Emden die Betriebsf\u00fchrung \u00fcbernommen. Dazu geh\u00f6ren die Vermietung des&#8230;<\/p>","protected":false},"author":1,"featured_media":0,"parent":0,"menu_order":0,"comment_status":"closed","ping_status":"closed","template":"","meta":{"_monsterinsights_skip_tracking":false,"_monsterinsights_sitenote_active":false,"_monsterinsights_sitenote_note":"","_monsterinsights_sitenote_category":0,"footnotes":""},"class_list":["post-4032","page","type-page","status-publish","hentry"],"jetpack_sharing_enabled":true,"_links":{"self":[{"href":"https:\/\/www.coastrock-festival.de\/en\/wp-json\/wp\/v2\/pages\/4032","targetHints":{"allow":["GET"]}}],"collection":[{"href":"https:\/\/www.coastrock-festival.de\/en\/wp-json\/wp\/v2\/pages"}],"about":[{"href":"https:\/\/www.coastrock-festival.de\/en\/wp-json\/wp\/v2\/types\/page"}],"author":[{"embeddable":true,"href":"https:\/\/www.coastrock-festival.de\/en\/wp-json\/wp\/v2\/users\/1"}],"replies":[{"embeddable":true,"href":"https:\/\/www.coastrock-festival.de\/en\/wp-json\/wp\/v2\/comments?post=4032"}],"version-history":[{"count":1,"href":"https:\/\/www.coastrock-festival.de\/en\/wp-json\/wp\/v2\/pages\/4032\/revisions"}],"predecessor-version":[{"id":4161,"href":"https:\/\/www.coastrock-festival.de\/en\/wp-json\/wp\/v2\/pages\/4032\/revisions\/4161"}],"wp:attachment":[{"href":"https:\/\/www.coastrock-festival.de\/en\/wp-json\/wp\/v2\/media?parent=4032"}],"curies":[{"name":"wp","href":"https:\/\/api.w.org\/{rel}","templated":true}]}}