{"id":4033,"date":"2024-04-24T10:09:06","date_gmt":"2024-04-24T08:09:06","guid":{"rendered":"https:\/\/www.coastrock-festival.de\/widerrufsbelehrung\/"},"modified":"2024-04-30T10:52:57","modified_gmt":"2024-04-30T08:52:57","slug":"widerrufsbelehrung","status":"publish","type":"page","link":"https:\/\/www.coastrock-festival.de\/en\/widerrufsbelehrung\/","title":{"rendered":"Cancellation policy"},"content":{"rendered":"<h3 class=\"wp-block-heading\">Keine Widerrufsbelehrung notwendig<\/h3>\n<p><strong>Achtung:<\/strong>\u00a0Ein Widerrufsrecht besteht\u00a0<strong>nicht<\/strong> bei derartigen Vertr\u00e4gen:<\/p>\n<ol>\n<li>zur Lieferung von Tickets f\u00fcr Veranstaltungen jeder Art mit einem spezifischen Termin oder Zeitraum (z.B. Konzerte);<\/li>\n<li>zur Lieferung von Waren, die nicht vorgefertigt sind und f\u00fcr deren Herstellung eine individuelle Auswahl oder Bestimmung durch dich ma\u00dfgeblich ist oder die eindeutig auf deine pers\u00f6nlichen Bed\u00fcrfnisse zugeschnitten sind;<\/li>\n<\/ol>\n<p>Da es sich entweder um 1. Tickets oder 2. extra f\u00fcr Euch angefertigte Waren handelt, die NICHT vorgefertigt waren, ist ein Widerruf nicht m\u00f6glich.<\/p>","protected":false},"excerpt":{"rendered":"<p>Keine Widerrufsbelehrung notwendig Achtung:\u00a0Ein Widerrufsrecht besteht\u00a0nicht bei derartigen Vertr\u00e4gen: zur Lieferung von Tickets f\u00fcr Veranstaltungen jeder Art mit einem spezifischen Termin oder Zeitraum (z.B. Konzerte); zur Lieferung von Waren, die nicht vorgefertigt sind und f\u00fcr deren Herstellung eine individuelle Auswahl&#8230;<\/p>","protected":false},"author":1,"featured_media":0,"parent":0,"menu_order":0,"comment_status":"closed","ping_status":"closed","template":"","meta":{"_monsterinsights_skip_tracking":false,"_monsterinsights_sitenote_active":false,"_monsterinsights_sitenote_note":"","_monsterinsights_sitenote_category":0,"footnotes":""},"class_list":["post-4033","page","type-page","status-publish","hentry"],"jetpack_sharing_enabled":true,"_links":{"self":[{"href":"https:\/\/www.coastrock-festival.de\/en\/wp-json\/wp\/v2\/pages\/4033","targetHints":{"allow":["GET"]}}],"collection":[{"href":"https:\/\/www.coastrock-festival.de\/en\/wp-json\/wp\/v2\/pages"}],"about":[{"href":"https:\/\/www.coastrock-festival.de\/en\/wp-json\/wp\/v2\/types\/page"}],"author":[{"embeddable":true,"href":"https:\/\/www.coastrock-festival.de\/en\/wp-json\/wp\/v2\/users\/1"}],"replies":[{"embeddable":true,"href":"https:\/\/www.coastrock-festival.de\/en\/wp-json\/wp\/v2\/comments?post=4033"}],"version-history":[{"count":1,"href":"https:\/\/www.coastrock-festival.de\/en\/wp-json\/wp\/v2\/pages\/4033\/revisions"}],"predecessor-version":[{"id":4167,"href":"https:\/\/www.coastrock-festival.de\/en\/wp-json\/wp\/v2\/pages\/4033\/revisions\/4167"}],"wp:attachment":[{"href":"https:\/\/www.coastrock-festival.de\/en\/wp-json\/wp\/v2\/media?parent=4033"}],"curies":[{"name":"wp","href":"https:\/\/api.w.org\/{rel}","templated":true}]}}